{"id":4476,"date":"2024-12-28T09:16:12","date_gmt":"2024-12-28T12:16:12","guid":{"rendered":"https:\/\/www.fenafim.org.br\/site\/?page_id=4476"},"modified":"2025-04-02T18:18:28","modified_gmt":"2025-04-02T21:18:28","slug":"reforma-tributaria","status":"publish","type":"page","link":"https:\/\/www.fenafim.org.br\/site\/reforma-tributaria\/","title":{"rendered":"Reforma Tribut\u00e1ria"},"content":{"rendered":"\n<p>A Reforma Tribut\u00e1ria aprovada pela Emenda Constitucional n\u00ba 132\/23 representa um marco que trar\u00e1 mudan\u00e7as profundas na receita e na despesa dos munic\u00edpios brasileiros. Com um novo modelo de tributa\u00e7\u00e3o sobre o consumo, os impactos ser\u00e3o significativos para a estrutura fiscal das administra\u00e7\u00f5es municipais, exigindo uma adapta\u00e7\u00e3o das pol\u00edticas tribut\u00e1rias e fiscais a esse novo cen\u00e1rio.<\/p>\n\n\n\n<p>A Fenafim (Federa\u00e7\u00e3o Nacional do Fisco Municipal) sempre esteve ativamente envolvida nos debates sobre a mudan\u00e7a constitucional, buscando contribuir com o aprimoramento do sistema tribut\u00e1rio nacional. A Federa\u00e7\u00e3o participou de audi\u00eancias p\u00fablicas, f\u00f3runs de discuss\u00e3o, debates com outras entidades municipalistas e apresentou propostas que visam a melhoria da gest\u00e3o tribut\u00e1ria. Al\u00e9m disso, em conjunto com a Anafisco e com representantes dos fiscos estadual e federal, como o Pacto de Bras\u00edlia, a Fenafim tem atuado incessantemente no fortalecimento das administra\u00e7\u00f5es tribut\u00e1rias, reconhecendo o papel fundamental que esses \u00f3rg\u00e3os desempenham para o funcionamento eficaz do Estado.<\/p>\n\n\n\n<p>Embora j\u00e1 tenham sido conquistados avan\u00e7os importantes, o trabalho n\u00e3o termina por a\u00ed. O fortalecimento das administra\u00e7\u00f5es tribut\u00e1rias municipais \u00e9 um processo cont\u00ednuo, que requer a implementa\u00e7\u00e3o de diversas a\u00e7\u00f5es que garantam a efici\u00eancia e a valoriza\u00e7\u00e3o do fisco municipal.<\/p>\n\n\n\n<p>Diante dos novos desafios impostos pela reforma tribut\u00e1ria, as administra\u00e7\u00f5es tribut\u00e1rias municipais precisam se preparar para adaptar-se a esse cen\u00e1rio de transforma\u00e7\u00f5es. Nesse contexto, a Fenafim, com o objetivo de auxiliar na prepara\u00e7\u00e3o dos munic\u00edpios, lan\u00e7ou, dentro do seu plano de a\u00e7\u00e3o, importantes instrumentos de apoio. Entre eles, destacam-se a &#8220;Cartilha da Reforma Tribut\u00e1ria&#8221;, que apresenta medidas urgentes a serem implementadas pelos munic\u00edpios, e a &#8220;Nota T\u00e9cnica n\u00ba 02\/2024&#8221;, que aborda a necessidade de reestrutura\u00e7\u00e3o das carreiras do fisco municipal. Al\u00e9m disso, a Fenafim criou a Escola Nacional Fazend\u00e1ria (ENAFF), voltada para a capacita\u00e7\u00e3o de gestores e integrantes do fisco municipal, oferecendo ferramentas para uma adapta\u00e7\u00e3o bem-sucedida \u00e0 nova realidade tribut\u00e1ria.<\/p>\n\n\n\n<p>Essas iniciativas s\u00e3o essenciais para garantir que os munic\u00edpios possam enfrentar os desafios impostos pela reforma tribut\u00e1ria de maneira eficaz, assegurando o fortalecimento da arrecada\u00e7\u00e3o e, consequentemente, o desenvolvimento das administra\u00e7\u00f5es tribut\u00e1rias municipais no Brasil.<\/p>\n\n\n\nClique <a href=\"https:\/\/www.fenafim.org.br\/site\/wp-content\/uploads\/2024\/12\/RT_cartilha.pdf\" target=\"_blank\" rel=\"noopener\">aqui<\/a> para baixar a Cartilha da Reforma Tribut\u00e1ria criada pela Fenafim e Anafisco.<br\/>\nClique <a href=\"https:\/\/www.fenafim.org.br\/site\/wp-content\/uploads\/2024\/12\/RT_notaTecnica_02_2024.pdf\" target=\"_blank\" rel=\"noopener\">aqui<\/a> para baixar a Nota T\u00e9cnica n\u00ba 02\/2024-FENAFIM, que trata sobre as Atividades de Lan\u00e7amento Tribut\u00e1rio em N\u00edvel Municipal e a Futura Gest\u00e3o Compartilhada do IBS.<br\/>\nClique <a href=\"https:\/\/www.fenafim.org.br\/site\/wp-content\/uploads\/2025\/04\/informativo_04_2025.pdf\" target=\"_blank\" rel=\"noopener\">aqui<\/a> para baixar o informativo sobre o Impacto do Novo Regime de Compras Governamentais nas Finan\u00e7as P\u00fablicas.\n","protected":false},"excerpt":{"rendered":"<p>A Reforma Tribut\u00e1ria aprovada pela Emenda Constitucional n\u00ba 132\/23 representa um marco que trar\u00e1 mudan\u00e7as profundas na receita e na despesa dos munic\u00edpios brasileiros. Com um novo modelo de tributa\u00e7\u00e3o &#8230;<\/p>\n","protected":false},"author":1,"featured_media":0,"parent":0,"menu_order":0,"comment_status":"closed","ping_status":"closed","template":"","meta":{"footnotes":""},"jetpack_sharing_enabled":true,"_links":{"self":[{"href":"https:\/\/www.fenafim.org.br\/site\/wp-json\/wp\/v2\/pages\/4476"}],"collection":[{"href":"https:\/\/www.fenafim.org.br\/site\/wp-json\/wp\/v2\/pages"}],"about":[{"href":"https:\/\/www.fenafim.org.br\/site\/wp-json\/wp\/v2\/types\/page"}],"author":[{"embeddable":true,"href":"https:\/\/www.fenafim.org.br\/site\/wp-json\/wp\/v2\/users\/1"}],"replies":[{"embeddable":true,"href":"https:\/\/www.fenafim.org.br\/site\/wp-json\/wp\/v2\/comments?post=4476"}],"version-history":[{"count":7,"href":"https:\/\/www.fenafim.org.br\/site\/wp-json\/wp\/v2\/pages\/4476\/revisions"}],"predecessor-version":[{"id":4649,"href":"https:\/\/www.fenafim.org.br\/site\/wp-json\/wp\/v2\/pages\/4476\/revisions\/4649"}],"wp:attachment":[{"href":"https:\/\/www.fenafim.org.br\/site\/wp-json\/wp\/v2\/media?parent=4476"}],"curies":[{"name":"wp","href":"https:\/\/api.w.org\/{rel}","templated":true}]}}