{"id":4045,"date":"2024-05-31T20:19:51","date_gmt":"2024-05-31T23:19:51","guid":{"rendered":"https:\/\/www.fenafim.org.br\/site\/?page_id=4045"},"modified":"2024-05-31T20:24:16","modified_gmt":"2024-05-31T23:24:16","slug":"premio-fenafim","status":"publish","type":"page","link":"https:\/\/www.fenafim.org.br\/site\/premio-fenafim\/","title":{"rendered":"Pr\u00eamio FENAFIM"},"content":{"rendered":"\n<p>O Pr\u00eamio FENAFIM \u00e9 mais uma realiza\u00e7\u00e3o da Federa\u00e7\u00e3o Nacional de Auditores e Fiscais de Tributos Municipais e tem o objetivo de estimular o estudo e a pesquisa nas \u00e1reas da Administra\u00e7\u00e3o Tribut\u00e1ria e do Direito Tribut\u00e1rio Municipais, reconhecendo trabalhos de excel\u00eancia t\u00e9cnica e sua aplicabilidade na esfera da Administra\u00e7\u00e3o P\u00fablica dos Munic\u00edpios.<\/p>\n\n\n\n<p>O Pr\u00eamio FENAFIM \u00e9 considerado um dos mais importantes concursos de trabalhos cient\u00edficos do fisco brasileiro, cooperando para o fortalecimento institucional da nossa categoria e para o aprimoramento profissional dos servidores  fiscais e de todos aqueles que atuam na esfera da Administra\u00e7\u00e3o Tribut\u00e1ria Municipal.<\/p>\n\n\n\n<p>H\u00e1 um espa\u00e7o no debate p\u00fablico sobre a tributa\u00e7\u00e3o que cabe aos integrantes dos fiscos municipais. \u00c9 muito importante fazermos conhecida a nossa vis\u00e3o pela sociedade, mostrarmos que podemos contribuir, decisivamente, conjugando a melhoria do ambiente de neg\u00f3cios com a justi\u00e7a social. <\/p>\n\n\n\n<p>O Pr\u00eamio FENAFIM possui 02 (duas) categorias: <b>Profissional<\/b> e <b>Administra\u00e7\u00e3o Tribut\u00e1ria<\/b>. A categoria <b>Profissional<\/b> \u00e9 voltada para Auditores e Fiscais de Tributos Federais, Estaduais e Municipais, com trabalhos que versem sobre Administra\u00e7\u00e3o Tribut\u00e1ria Municipal e Direito Tribut\u00e1rio Municipal. A categoria <b>Administra\u00e7\u00e3o Tribut\u00e1ria<\/b> \u00e9 voltada para Auditores e Fiscais de Tributos, ativos ou aposentados, integrantes do fisco municipal, com trabalhos que versem sobre a inova\u00e7\u00e3o, a moderniza\u00e7\u00e3o, o aprimoramento t\u00e9cnico e a efici\u00eancia da Administra\u00e7\u00e3o Tribut\u00e1ria Municipal, incentivando a elabora\u00e7\u00e3o e apresenta\u00e7\u00e3o de propostas e projetos t\u00e9cnicos vi\u00e1veis de implementa\u00e7\u00e3o ou a demonstra\u00e7\u00e3o de trabalhos exitosos, j\u00e1 implementados, e que tenham gerado bons resultados no \u00e2mbito da administra\u00e7\u00e3o municipal.<\/p>\n\n\n\n<p>Para mais informa\u00e7\u00f5es e inscri\u00e7\u00f5es acesse o site oficial do Pr\u00eamio FENAFIM em < <a href=\"http:\/\/premio.fenafim.org.br\" target=\"_blank\" rel=\"noopener\">premio.fenafim.org.br<\/a> >.<\/p>\n","protected":false},"excerpt":{"rendered":"<p>O Pr\u00eamio FENAFIM \u00e9 mais uma realiza\u00e7\u00e3o da Federa\u00e7\u00e3o Nacional de Auditores e Fiscais de Tributos Municipais e tem o objetivo de estimular o estudo e a pesquisa nas \u00e1reas &#8230;<\/p>\n","protected":false},"author":1,"featured_media":0,"parent":0,"menu_order":0,"comment_status":"closed","ping_status":"closed","template":"","meta":{"footnotes":""},"jetpack_sharing_enabled":true,"_links":{"self":[{"href":"https:\/\/www.fenafim.org.br\/site\/wp-json\/wp\/v2\/pages\/4045"}],"collection":[{"href":"https:\/\/www.fenafim.org.br\/site\/wp-json\/wp\/v2\/pages"}],"about":[{"href":"https:\/\/www.fenafim.org.br\/site\/wp-json\/wp\/v2\/types\/page"}],"author":[{"embeddable":true,"href":"https:\/\/www.fenafim.org.br\/site\/wp-json\/wp\/v2\/users\/1"}],"replies":[{"embeddable":true,"href":"https:\/\/www.fenafim.org.br\/site\/wp-json\/wp\/v2\/comments?post=4045"}],"version-history":[{"count":3,"href":"https:\/\/www.fenafim.org.br\/site\/wp-json\/wp\/v2\/pages\/4045\/revisions"}],"predecessor-version":[{"id":4049,"href":"https:\/\/www.fenafim.org.br\/site\/wp-json\/wp\/v2\/pages\/4045\/revisions\/4049"}],"wp:attachment":[{"href":"https:\/\/www.fenafim.org.br\/site\/wp-json\/wp\/v2\/media?parent=4045"}],"curies":[{"name":"wp","href":"https:\/\/api.w.org\/{rel}","templated":true}]}}