{"id":3595,"date":"2023-12-11T14:40:13","date_gmt":"2023-12-11T17:40:13","guid":{"rendered":"https:\/\/www.fenafim.org.br\/site\/?page_id=3595"},"modified":"2024-02-20T19:27:08","modified_gmt":"2024-02-20T22:27:08","slug":"apoio-as-entidades","status":"publish","type":"page","link":"https:\/\/www.fenafim.org.br\/site\/apoio-as-entidades\/","title":{"rendered":"Apoio \u00e0s Entidades"},"content":{"rendered":"\n<h2>Estudos Jur\u00eddicos<\/h2>\n\n<h4>Atua\u00e7\u00f5es junto aos MPs<\/h4>\n<p><a href=\"https:\/\/www.fenafim.org.br\/site\/wp-content\/uploads\/2024\/01\/Cubat\u00e3o-SP.pdf\" target=\"_blank\" rel=\"noopener noreferrer\">14\/03\/2023 &#8211; Of\u00edcio junto ao MP-SP<\/a><\/p>\n<p><a href=\"https:\/\/www.fenafim.org.br\/site\/wp-content\/uploads\/2023\/12\/notaTecnica-001-2018-COT-MPSC.pdf\" target=\"_blank\" rel=\"noopener noreferrer\">Nota T\u00e9cnica 001\/2018 &#8211; COT &#8211; MP-SC<\/a><\/p>\n\n<h4>Atua\u00e7\u00f5es junto aos TCEs<\/h4>\n<p><a href=\"https:\/\/www1.tce.pr.gov.br\/noticias\/tce-pr-suspende-concurso-de-rio-negro-por-irregularidades-na-fase-interna\/11080\/N?fbclid=PAAabJZ33IjDT08LCI8wUwHANppppzquKiyl-apzSYJ1zltnycm7ekjvfqDpc\" target=\"_blank\" rel=\"noopener noreferrer\">30\/01\/2024 &#8211; TCE-PR suspende concurso de Rio Negro por irregularidades na fase interna<\/a><\/p>\n<p><a href=\"https:\/\/www.instagram.com\/reel\/C17RsumsO4f\/\" target=\"_blank\" rel=\"noopener noreferrer\">10\/01\/2024 &#8211; Entrevista do Presidente da AFISCO-PR e Diretor da FENAFIM, Eliel Mendes Sales, a uma r\u00e1dio do Paran\u00e1<\/a><\/p>\n<p><a href=\"https:\/\/www.instagram.com\/tce.pr\/p\/C113ECAsPR-\/\" target=\"_blank\" rel=\"noopener noreferrer\">08\/01\/2024 &#8211; Suspensa nomea\u00e7\u00e3o de aprovados para cargo de fiscal em munic\u00edpio do Paran\u00e1<\/a><\/p>\n<p><a href=\"https:\/\/www1.tce.pr.gov.br\/noticias\/brasilandia-do-sul-e-imbau-devem-avaliar-revisao-de-carreira-de-fiscal-de-tributos\/10964\/N\" target=\"_blank\" rel=\"noopener noreferrer\">29\/11\/2023 &#8211; Brasil\u00e2ndia do Sul e Imba\u00fa devem avaliar revis\u00e3o de carreira de fiscal de tributos<\/a><\/p>\n<p><a href=\"https:\/\/www.fenafim.org.br\/site\/wp-content\/uploads\/2023\/12\/TCE-PR-emite-19-recomendacoes-a-seis-municipios-sobre-gestao-tributaria.pdf\" target=\"_blank\" rel=\"noopener noreferrer\">27\/01\/2023 &#8211; TCE-PR emite 19 recomenda\u00e7\u00f5es a seis munic\u00edpios sobre gest\u00e3o tribut\u00e1ria<\/a><\/p>\n<p><a href=\"https:\/\/www.fenafim.org.br\/site\/wp-content\/uploads\/2024\/02\/Denuncia-MPC-ES-Auto-Rio-Novo.pdf\/\" target=\"_blank\" rel=\"noopener noreferrer\">29\/04\/2022 &#8211; Den\u00fancia do SEFIM-ES contra o Munic\u00edpio de Alto Rio Novo-ES<\/a><\/p>\n<p><a href=\"https:\/\/www.fenafim.org.br\/site\/wp-content\/uploads\/2023\/12\/TCE-PR-Processo-677094-21-Acordao-270-22-Tribunal-Pleno.pdf\" target=\"_blank\" rel=\"noopener noreferrer\">TCE-PR 2022 &#8211; Processo n\u00ba 677094\/21 | Ac\u00f3rd\u00e3o n\u00ba 270\/22 &#8211; Tribunal Pleno<\/a><\/p>\n<p><a href=\"https:\/\/www.fenafim.org.br\/site\/wp-content\/uploads\/2023\/12\/TCU-2022-10-passos-para-aprimoramento-da-Gestao-Tributaria.pdf\" target=\"_blank\" rel=\"noopener noreferrer\">TCU 2022 &#8211; 10 passos para aprimoramento da Gest\u00e3o Tribut\u00e1ria<\/a><\/p>\n<p><a href=\"https:\/\/www.fenafim.org.br\/site\/wp-content\/uploads\/2023\/12\/TCE-PR-emite-recomendacoes-para-23-munic\u00edpios-melhorarem-gestao-do-IPTU.pdf\" target=\"_blank\" rel=\"noopener noreferrer\">15\/03\/2021 &#8211; TCE-PR emite recomenda\u00e7\u00f5es para 23 munic\u00edpios melhorarem gest\u00e3o do IPTU<\/a><\/p>\n<p><a href=\"https:\/\/www.fenafim.org.br\/site\/wp-content\/uploads\/2023\/12\/TCE-PR-emite-37-recomendacoes-sobre-gestao-da-receita-a-9-municipios.pdf\" target=\"_blank\" rel=\"noopener noreferrer\">06\/05\/2020 &#8211; TCE-PR emite 37 recomenda\u00e7\u00f5es sobre gest\u00e3o da receita a 9 munic\u00edpios<\/a><\/p>\n<p><a href=\"https:\/\/www.fenafim.org.br\/site\/wp-content\/uploads\/2023\/12\/TCE-MG-2019-Receitas-Publicas-Municipais.pdf\" target=\"_blank\" rel=\"noopener noreferrer\">TCE-MG 2019 &#8211; Receitas Publicas Municipais<\/a><\/p>\n<p><a href=\"https:\/\/www.fenafim.org.br\/site\/wp-content\/uploads\/2023\/12\/TCE-RS-Resolu\u00e7\u00e3o-987-2013.pdf\" target=\"_blank\" rel=\"noopener noreferrer\">TCE-RS &#8211; RESOLU\u00c7\u00c3O N. 987\/2013 &#8211; Disp\u00f5e sobre as diretrizes e os procedimentos de auditoria a serem adotados pelo Tribunal de Contas do Estado do Rio Grande do Sul, quando no exerc\u00edcio do controle externo relativo \u00e0 administra\u00e7\u00e3o tribut\u00e1ria e fazend\u00e1ria municipal, e d\u00e1 outras provid\u00eancias.<\/a><\/p>\n<p><a href=\"https:\/\/www.tcees.tc.br\/cautelar-suspende-processo-seletivo-em-ibirau\/\" target=\"_blank\" rel=\"noopener noreferrer\">29\/06\/2015 &#8211; Cautelar suspende processo seletivo em Ibira\u00e7u-ES<\/a><\/p>\n\n<h4>Atua\u00e7\u00f5es junto ao Executivo<\/h4>\n<p><a href=\"https:\/\/www.fenafim.org.br\/site\/2023\/12\/22\/fenafim-se-reune-com-integrantes-do-fisco-de-uberlandia-mg-para-tratar-de-melhorias-na-administracao-tributaria\/\" target=\"_blank\" rel=\"noopener noreferrer\">22\/12\/2023 &#8211; Fenafim se re\u00fane com integrantes do Fisco de Uberl\u00e2ndia (MG) para tratar de melhorias na administra\u00e7\u00e3o tribut\u00e1ria<\/a><\/p>\n<p><a href=\"https:\/\/www.fenafim.org.br\/site\/wp-content\/uploads\/2023\/12\/oficio-FENAFIM-Taquaritinga-SP.pdf\" target=\"_blank\" rel=\"noopener noreferrer\">1\u00ba\/12\/2023 &#8211; Of\u00edcio FENAFIM n\u00ba 062\/2023 &#8211; Taquaritinga-SP<\/a><\/p>\n<p><a href=\"https:\/\/www.fenafim.org.br\/site\/wp-content\/uploads\/2024\/01\/Vargem-Alta-ES.pdf\" target=\"_blank\" rel=\"noopener noreferrer\">09\/10\/2023 &#8211; Of\u00edcio FENAFIM n\u00ba 080\/2023 &#8211; Vargem Alta-ES<\/a><\/p>\n<p><a href=\"https:\/\/www.fenafim.org.br\/site\/wp-content\/uploads\/2023\/12\/FAMURS.pdf\" target=\"_blank\" rel=\"noopener noreferrer\">Cartilha da Federa\u00e7\u00e3o das Associa\u00e7\u00f5es de Munic\u00edpios do Rio Grande do Sul (FAMURS)<\/a><\/p>\n<p><a href=\"https:\/\/www.fenafim.org.br\/site\/wp-content\/uploads\/2023\/12\/CNM-2019-GESTAO-E-INCREMENTO-DAS-RECEITAS-MUNICIPAIS.pdf\" target=\"_blank\" rel=\"noopener noreferrer\">CNM 2019 &#8211; Gest\u00e3o e Incremento das Receitas Municipais<\/a><\/p>\n<p><a href=\"https:\/\/www.fenafim.org.br\/site\/wp-content\/uploads\/2023\/12\/ENAT2023.mp4\" target=\"_blank\" rel=\"noopener noreferrer\">ENAT 2023 &#8211; Encontro Nacional de Administradores Tribut\u00e1rios<\/a><\/p>\n\n<h4>Atua\u00e7\u00f5es junto ao Legislativo<\/h4>\n<p><a href=\"https:\/\/www.tributomunicipal.com.br\/portal\/index.php\/blog\/outros-temas-2\/item\/2700-fiscal-pode-ascender-a-auditor-fiscal-tributario\" target=\"_blank\" rel=\"noopener noreferrer\">24\/01\/2024 &#8211; Fiscal pode ascender a Auditor Fiscal Tribut\u00e1rio ?<\/a><\/p>\n<p><a href=\"https:\/\/www.fenafim.org.br\/site\/wp-content\/uploads\/2024\/01\/Assis-Chateaubriand-PR-Ofi\u0301cio-Ca\u0302mara-Municipal.pdf\" target=\"_blank\" rel=\"noopener noreferrer\">24\/09\/2023 &#8211; Of\u00edcio FENAFIM n\u00ba 078\/2023 &#8211; C\u00e2mara Municipal de Assis Chateaubriand-SP<\/a><\/p>\n<p><a href=\"https:\/\/www.fenafim.org.br\/site\/wp-content\/uploads\/2024\/02\/Projeto-de-Lei-Camara-Municipal-de-Navegantes_SC.pdf\" target=\"_blank\" rel=\"noopener noreferrer\">20\/07\/2023 &#8211; Projeto de lei complementar que altera a lei complementar n\u00ba 333, de 12 de dezembro de 2017, que disp\u00f5e sobre a organiza\u00e7\u00e3o da carreira de Auditoria Fiscal Tribut\u00e1ria no quadro permanente de pessoal da Prefeitura Municipal de Navegantes-SC e d\u00e1 outras provid\u00eancias.<\/a><\/p>\n<p><a href=\"https:\/\/www.fenafim.org.br\/site\/wp-content\/uploads\/2024\/01\/Itajai-SC-Ofi\u0301cio-Ca\u0302mara-Municipal.pdf\" target=\"_blank\" rel=\"noopener noreferrer\">23\/03\/2023 &#8211; Of\u00edcio FENAFIM n\u00ba 046\/2023 &#8211; C\u00e2mara Municipal de Itaja\u00ed-SC<\/a><\/p>\n<p><a href=\"https:\/\/www.fenafim.org.br\/site\/wp-content\/uploads\/2024\/01\/Sa\u0303o-Jose-do-Rio-Preto-SP-Ofi\u0301cio-Ca\u0302mara-Municipal.pdf\" target=\"_blank\" rel=\"noopener noreferrer\">19\/05\/2022 &#8211; Of\u00edcio FENAFIM n\u00ba 014\/2022 &#8211; C\u00e2mara Municipal de S\u00e3o Jos\u00e9 do Rio Preto-SP<\/a><\/p>\n\n<h4>Atua\u00e7\u00f5es junto ao Judici\u00e1rio<\/h4>\n\n<h2>Espa\u00e7o Interativo<\/h2>\n\n<h4>Entrar na op\u00e7\u00e3o CONTATO no menu principal.<\/h4>\n\n<p>&nbsp;<\/p>\n<p><b>Obs.: Conte\u00fado em constante atualiza\u00e7\u00e3o.<\/b><\/p>\n","protected":false},"excerpt":{"rendered":"<p>Estudos Jur\u00eddicos Atua\u00e7\u00f5es junto aos MPs 14\/03\/2023 &#8211; Of\u00edcio junto ao MP-SP Nota T\u00e9cnica 001\/2018 &#8211; COT &#8211; MP-SC Atua\u00e7\u00f5es junto aos TCEs 30\/01\/2024 &#8211; TCE-PR suspende concurso de Rio &#8230;<\/p>\n","protected":false},"author":1,"featured_media":0,"parent":0,"menu_order":0,"comment_status":"closed","ping_status":"closed","template":"","meta":{"footnotes":""},"jetpack_sharing_enabled":true,"_links":{"self":[{"href":"https:\/\/www.fenafim.org.br\/site\/wp-json\/wp\/v2\/pages\/3595"}],"collection":[{"href":"https:\/\/www.fenafim.org.br\/site\/wp-json\/wp\/v2\/pages"}],"about":[{"href":"https:\/\/www.fenafim.org.br\/site\/wp-json\/wp\/v2\/types\/page"}],"author":[{"embeddable":true,"href":"https:\/\/www.fenafim.org.br\/site\/wp-json\/wp\/v2\/users\/1"}],"replies":[{"embeddable":true,"href":"https:\/\/www.fenafim.org.br\/site\/wp-json\/wp\/v2\/comments?post=3595"}],"version-history":[{"count":51,"href":"https:\/\/www.fenafim.org.br\/site\/wp-json\/wp\/v2\/pages\/3595\/revisions"}],"predecessor-version":[{"id":3839,"href":"https:\/\/www.fenafim.org.br\/site\/wp-json\/wp\/v2\/pages\/3595\/revisions\/3839"}],"wp:attachment":[{"href":"https:\/\/www.fenafim.org.br\/site\/wp-json\/wp\/v2\/media?parent=3595"}],"curies":[{"name":"wp","href":"https:\/\/api.w.org\/{rel}","templated":true}]}}