{"id":2697,"date":"2021-10-20T16:40:40","date_gmt":"2021-10-20T19:40:40","guid":{"rendered":"https:\/\/www.fenafim.org.br\/site\/?page_id=2697"},"modified":"2021-10-20T17:18:38","modified_gmt":"2021-10-20T20:18:38","slug":"eleicoes","status":"publish","type":"page","link":"https:\/\/www.fenafim.org.br\/site\/eleicoes\/","title":{"rendered":"Elei\u00e7\u00f5es"},"content":{"rendered":"\n<p><strong>Elei\u00e7\u00f5es 2021<\/strong><\/p>\n\n\n\n<div class=\"wp-block-file\"><a href=\"https:\/\/www.fenafim.org.br\/site\/wp-content\/uploads\/2021\/10\/PORTARIA-FENAFIM-N.\u00ba-001-27052021-Indica-Membros-da-CE-Elei\u00e7\u00f5es-Bi\u00eancio-2022-2023.pdf\">Portaria n\u00ba 001, de 27 de maio de 2021, que indica os membros da Comiss\u00e3o Eleitoral &#8211; CE, respons\u00e1vel pela realiza\u00e7\u00e3o das elei\u00e7\u00f5es do bi\u00eanio 2022\/2023.<\/a><a href=\"https:\/\/www.fenafim.org.br\/site\/wp-content\/uploads\/2021\/10\/PORTARIA-FENAFIM-N.\u00ba-001-27052021-Indica-Membros-da-CE-Elei\u00e7\u00f5es-Bi\u00eancio-2022-2023.pdf\" class=\"wp-block-file__button\" download>Baixar<\/a><\/div>\n\n\n\n<div class=\"wp-block-file\"><a href=\"https:\/\/www.fenafim.org.br\/site\/wp-content\/uploads\/2021\/10\/Resolu\u00e7\u00e3o-N\u00ba-001-de-2021-CE-Elei\u00e7\u00f5es-da-FENAFIM.pdf\">Resolu\u00e7\u00e3o n\u00ba 001, de 22 de junho de 2021, que estabelece normas gerais para disciplinar o processo eleitoral da FENAFIM para a gest\u00e3o do bi\u00eanio 2022\/2023.<\/a><a href=\"https:\/\/www.fenafim.org.br\/site\/wp-content\/uploads\/2021\/10\/Resolu\u00e7\u00e3o-N\u00ba-001-de-2021-CE-Elei\u00e7\u00f5es-da-FENAFIM.pdf\" class=\"wp-block-file__button\" download>Baixar<\/a><\/div>\n\n\n\n<div class=\"wp-block-file\"><a href=\"https:\/\/www.fenafim.org.br\/site\/wp-content\/uploads\/2021\/10\/Inscri\u00e7\u00e3o-Chapa-FENAFIM-Elei\u00e7\u00e3o-2021.pdf\">Comunicado da CE, de 19 de outubro de 2021, sobre os pedidos acolhidos para registro de chapa para a Diretoria Executiva e de inscri\u00e7\u00e3o de candidatos ao Conselho Fiscal no processo eleitoral da FENAFIM para a gest\u00e3o do bi\u00eanio 2022\/2023.<\/a><a href=\"https:\/\/www.fenafim.org.br\/site\/wp-content\/uploads\/2021\/10\/Inscri\u00e7\u00e3o-Chapa-FENAFIM-Elei\u00e7\u00e3o-2021.pdf\" class=\"wp-block-file__button\" download>Baixar<\/a><\/div>\n\n\n\n<div class=\"wp-block-file\"><a href=\"https:\/\/www.fenafim.org.br\/site\/wp-content\/uploads\/2021\/10\/Chapa-Uni\u00e3o-e-For\u00e7a-Elei\u00e7\u00e3o-2021.pdf\">Composi\u00e7\u00e3o da Chapa &#8220;Uni\u00e3o e For\u00e7a&#8221; e Candidatos ao Conselho Fiscal   no processo eleitoral da FENAFIM para a gest\u00e3o do bi\u00eanio 2022\/2023.<\/a><a href=\"https:\/\/www.fenafim.org.br\/site\/wp-content\/uploads\/2021\/10\/Chapa-Uni\u00e3o-e-For\u00e7a-Elei\u00e7\u00e3o-2021.pdf\" class=\"wp-block-file__button\" download>Baixar<\/a><\/div>\n","protected":false},"excerpt":{"rendered":"<p>Elei\u00e7\u00f5es 2021<\/p>\n","protected":false},"author":1,"featured_media":0,"parent":0,"menu_order":0,"comment_status":"closed","ping_status":"closed","template":"","meta":{"footnotes":""},"jetpack_sharing_enabled":true,"_links":{"self":[{"href":"https:\/\/www.fenafim.org.br\/site\/wp-json\/wp\/v2\/pages\/2697"}],"collection":[{"href":"https:\/\/www.fenafim.org.br\/site\/wp-json\/wp\/v2\/pages"}],"about":[{"href":"https:\/\/www.fenafim.org.br\/site\/wp-json\/wp\/v2\/types\/page"}],"author":[{"embeddable":true,"href":"https:\/\/www.fenafim.org.br\/site\/wp-json\/wp\/v2\/users\/1"}],"replies":[{"embeddable":true,"href":"https:\/\/www.fenafim.org.br\/site\/wp-json\/wp\/v2\/comments?post=2697"}],"version-history":[{"count":3,"href":"https:\/\/www.fenafim.org.br\/site\/wp-json\/wp\/v2\/pages\/2697\/revisions"}],"predecessor-version":[{"id":2706,"href":"https:\/\/www.fenafim.org.br\/site\/wp-json\/wp\/v2\/pages\/2697\/revisions\/2706"}],"wp:attachment":[{"href":"https:\/\/www.fenafim.org.br\/site\/wp-json\/wp\/v2\/media?parent=2697"}],"curies":[{"name":"wp","href":"https:\/\/api.w.org\/{rel}","templated":true}]}}