{"id":1618,"date":"2019-09-23T17:11:40","date_gmt":"2019-09-23T20:11:40","guid":{"rendered":"https:\/\/www.fenafim.org.br\/site\/?page_id=1618"},"modified":"2019-09-23T17:12:43","modified_gmt":"2019-09-23T20:12:43","slug":"filie-se","status":"publish","type":"page","link":"https:\/\/www.fenafim.org.br\/site\/filie-se\/","title":{"rendered":"Filie-se"},"content":{"rendered":"\n<p>A entidade interessada em se filiar \u00e0 FENAFIM deve enviar a documenta\u00e7\u00e3o abaixo para o email fenafim@fenafim.org.br:<\/p>\n\n\n\n<ol><li>Estatuto atualizado;<\/li><li>Ata da \u00faltima elei\u00e7\u00e3o;<\/li><li>Rela\u00e7\u00e3o dos associados;<\/li><li>Ficha de filia\u00e7\u00e3o (abaixo).<\/li><\/ol>\n\n\n\n<p><\/p>\n\n\n\n<div class=\"wp-block-file\"><a href=\"https:\/\/www.fenafim.org.br\/site\/wp-content\/uploads\/2019\/09\/FENAFIM__FichaFiliacao.doc\">Ficha de Filia\u00e7\u00e3o<\/a><a href=\"https:\/\/www.fenafim.org.br\/site\/wp-content\/uploads\/2019\/09\/FENAFIM__FichaFiliacao.doc\" class=\"wp-block-file__button\" download>Baixar<\/a><\/div>\n","protected":false},"excerpt":{"rendered":"<p>A entidade interessada em se filiar \u00e0 FENAFIM deve enviar a documenta\u00e7\u00e3o abaixo para o email fenafim@fenafim.org.br: Estatuto atualizado; Ata da \u00faltima elei\u00e7\u00e3o; Rela\u00e7\u00e3o dos associados; Ficha de filia\u00e7\u00e3o (abaixo).<\/p>\n","protected":false},"author":1,"featured_media":0,"parent":0,"menu_order":0,"comment_status":"closed","ping_status":"closed","template":"","meta":{"footnotes":""},"jetpack_sharing_enabled":true,"_links":{"self":[{"href":"https:\/\/www.fenafim.org.br\/site\/wp-json\/wp\/v2\/pages\/1618"}],"collection":[{"href":"https:\/\/www.fenafim.org.br\/site\/wp-json\/wp\/v2\/pages"}],"about":[{"href":"https:\/\/www.fenafim.org.br\/site\/wp-json\/wp\/v2\/types\/page"}],"author":[{"embeddable":true,"href":"https:\/\/www.fenafim.org.br\/site\/wp-json\/wp\/v2\/users\/1"}],"replies":[{"embeddable":true,"href":"https:\/\/www.fenafim.org.br\/site\/wp-json\/wp\/v2\/comments?post=1618"}],"version-history":[{"count":2,"href":"https:\/\/www.fenafim.org.br\/site\/wp-json\/wp\/v2\/pages\/1618\/revisions"}],"predecessor-version":[{"id":1621,"href":"https:\/\/www.fenafim.org.br\/site\/wp-json\/wp\/v2\/pages\/1618\/revisions\/1621"}],"wp:attachment":[{"href":"https:\/\/www.fenafim.org.br\/site\/wp-json\/wp\/v2\/media?parent=1618"}],"curies":[{"name":"wp","href":"https:\/\/api.w.org\/{rel}","templated":true}]}}