{"id":1600,"date":"2019-09-23T15:52:15","date_gmt":"2019-09-23T18:52:15","guid":{"rendered":"https:\/\/www.fenafim.org.br\/site\/?page_id=1600"},"modified":"2026-02-11T13:40:35","modified_gmt":"2026-02-11T16:40:35","slug":"conselho-fiscal","status":"publish","type":"page","link":"https:\/\/www.fenafim.org.br\/site\/conselho-fiscal\/","title":{"rendered":"Conselho Fiscal"},"content":{"rendered":"\n<p><strong>BI\u00caNIO 2026-2027<\/strong><\/p>\n\n\n\n<p><strong>Cargo: Conselheiro Fiscal &#8211; Presidente<\/strong><br>Gabriel carneiro de Castro<br><strong>Sindicato dos Auditores do Tesouro Municipal de Fortaleza (SINDIAUDIF)<\/strong><\/p>\n\n\n\n<p><strong>Cargo: Conselheiro Fiscal \u2013 Vice-Presidente<\/strong><br>Ana Paula Soares Simonelli<br><strong>Sindicato dos Fiscais de Tributos do Munic\u00edpio de Itabora\u00ed \u2013 SINDIFITA <\/strong><\/p>\n\n\n\n<p><strong>Cargo: Conselheiro Fiscal &#8211; Secret\u00e1rio<\/strong><br>M\u00e1rcia de Andrade costa<br><strong>Associa\u00e7\u00e3o dos Auditores Fiscais de Tributos Municipais de Sete Lagoas (AASFIT)<\/strong><\/p>\n\n\n\n<p><strong>Cargo: Conselheiro Fiscal (Suplente)<\/strong><br>Kelly Eguchi Priori&nbsp;&nbsp;&nbsp;&nbsp;&nbsp; &nbsp;<br><strong>Sindicato dos Auditores Fiscais de Tributos Municipais de Curitiba (SINFISCO CURITIBA)<\/strong><\/p>\n\n\n\n<p><strong>Cargo: Conselheiro Fiscal (Suplente)<\/strong><br>In\u00e1cio Rocha Leite<br><strong>Sindicato dos Auditores Fiscais da Receita Municipal de Campo Grande (SINDARFIR-CG)<\/strong><\/p>\n\n\n\n<p><\/p>\n\n\n\n<p><br><\/p>\n","protected":false},"excerpt":{"rendered":"<p>BI\u00caNIO 2026-2027 Cargo: Conselheiro Fiscal &#8211; PresidenteGabriel carneiro de CastroSindicato dos Auditores do Tesouro Municipal de Fortaleza (SINDIAUDIF) Cargo: Conselheiro Fiscal \u2013 Vice-PresidenteAna Paula Soares SimonelliSindicato dos Fiscais de Tributos &#8230;<\/p>\n","protected":false},"author":4,"featured_media":0,"parent":0,"menu_order":0,"comment_status":"closed","ping_status":"closed","template":"","meta":{"footnotes":""},"jetpack_sharing_enabled":true,"_links":{"self":[{"href":"https:\/\/www.fenafim.org.br\/site\/wp-json\/wp\/v2\/pages\/1600"}],"collection":[{"href":"https:\/\/www.fenafim.org.br\/site\/wp-json\/wp\/v2\/pages"}],"about":[{"href":"https:\/\/www.fenafim.org.br\/site\/wp-json\/wp\/v2\/types\/page"}],"author":[{"embeddable":true,"href":"https:\/\/www.fenafim.org.br\/site\/wp-json\/wp\/v2\/users\/4"}],"replies":[{"embeddable":true,"href":"https:\/\/www.fenafim.org.br\/site\/wp-json\/wp\/v2\/comments?post=1600"}],"version-history":[{"count":14,"href":"https:\/\/www.fenafim.org.br\/site\/wp-json\/wp\/v2\/pages\/1600\/revisions"}],"predecessor-version":[{"id":5137,"href":"https:\/\/www.fenafim.org.br\/site\/wp-json\/wp\/v2\/pages\/1600\/revisions\/5137"}],"wp:attachment":[{"href":"https:\/\/www.fenafim.org.br\/site\/wp-json\/wp\/v2\/media?parent=1600"}],"curies":[{"name":"wp","href":"https:\/\/api.w.org\/{rel}","templated":true}]}}