{"id":1596,"date":"2019-09-23T15:46:26","date_gmt":"2019-09-23T18:46:26","guid":{"rendered":"https:\/\/www.fenafim.org.br\/site\/?page_id=1596"},"modified":"2026-02-11T13:32:38","modified_gmt":"2026-02-11T16:32:38","slug":"diretoria-executiva","status":"publish","type":"page","link":"https:\/\/www.fenafim.org.br\/site\/diretoria-executiva\/","title":{"rendered":"Diretoria Executiva"},"content":{"rendered":"\n<p><strong>BI\u00caNIO\u00a02026-2027<\/strong><\/p>\n\n\n\n<p><strong>Presidente:<\/strong><br>Cassio Vieira Pereira dos Santos<br><strong>Sindicato dos Auditores Fiscais do Munic\u00edpio de S\u00e3o Paulo (SINDAF-SP)<\/strong><\/p>\n\n\n\n<p><strong>Vice-Presidente: <\/strong>\u00a0\u00a0\u00a0\u00a0\u00a0\u00a0\u00a0\u00a0\u00a0\u00a0\u00a0\u00a0\u00a0\u00a0\u00a0\u00a0\u00a0\u00a0\u00a0\u00a0\u00a0\u00a0\u00a0\u00a0\u00a0\u00a0\u00a0\u00a0\u00a0\u00a0\u00a0\u00a0\u00a0\u00a0\u00a0\u00a0\u00a0\u00a0\u00a0\u00a0\u00a0\u00a0\u00a0\u00a0\u00a0 <br>Fabio Henrique de Sousa Macedo<br><strong>Sindicato dos Fazend\u00e1rios do Munic\u00edpio do Recife (AFREM\u00a0\u00a0 \u00a0INDICAL)<\/strong><\/p>\n\n\n\n<p><strong>Vice-Presidente da Regi\u00e3o Norte:<\/strong> <br>Erivelto Leal de Oliveira<br><strong>Sindicato dos auditores e Fiscais de Tributos do Munic\u00edpio de Manaus (AFIMM SINDICAL)<\/strong><\/p>\n\n\n\n<p><strong>Vice-Presidente da Regi\u00e3o Nordeste: <\/strong><br>Jose Matos Viana\u00a0<br><strong>Associa\u00e7\u00e3o dos Auditores do Tesouro Municipal de Natal (ASAN)<\/strong><\/p>\n\n\n\n<p><strong>Vice-Presidente da Regi\u00e3o Sudeste: <\/strong><br>Vinicius\u00a0Ferraz Neves<br><strong>Sindicato \u00a0Carioca dos Fiscais de Rendas (SINCAF)<\/strong><\/p>\n\n\n\n<p><strong>Vice-Presidente da Regi\u00e3o Centro Oeste: <\/strong><br>Helder Conrado<br><strong>Sindicato dos Auditores \u00a0de Tributes do Munic\u00edpio de Goi\u00e2nia<\/strong> <\/p>\n\n\n\n<p><strong>Vice-Presidente da Regi\u00e3o Sul: <\/strong><br>Elaine Cofcevicz<br><strong>Associa\u00e7\u00e3o dos Funcion\u00e1rios de carreiras T\u00edpicas de Estado do Munic\u00edpio de canoas<\/strong><\/p>\n\n\n\n<p><strong>Secretaria Geral: <\/strong><br>Ant\u00f4nio Claudio silva de Vasconcellos<br><strong>Associa\u00e7\u00e3o Baiana dos auditores Fiscais Municipais (ABAM)<\/strong><\/p>\n\n\n\n<p><strong>Diretoria Administrativa: <\/strong><br>Fabio de Jesus Lima Gomes<br><strong>Associa\u00e7\u00e3o dos Auditores Fiscais da Receita Municipal \u00a0de Teresina (AFIMTE)<\/strong><\/p>\n\n\n\n<p><strong>Diretoria Financeira: <\/strong><br>Ant\u00f4nio Carlos Santana Vieira <br><strong>Sindicato de Auditores Fiscais e Auditores T\u00e9cnicos de Tributos Municipais de Belo Horizonte (SINFISCO) <\/strong><\/p>\n\n\n\n<p><strong>Diretoria Jur\u00eddica e Defesa Funcional: <\/strong><br>Diego de Souza Ara\u00fajo<br><strong>Associa\u00e7\u00e3o \u00a0dos Auditores Fiscais Tribut\u00e1rios Municipais \u00a0de S\u00e3o Jose do Rio Preto (AUDIRP)<\/strong><\/p>\n\n\n\n<p><strong>Diretoria de Forma\u00e7\u00e3o Profissional, Sindical e Apoio \u00e0s Entidades Regionais e Estaduais: <\/strong><br>Eliel Mendes dos Santos Sales Vieira<br><strong>Associa\u00e7\u00e3o dos Auditores e Fiscais Tribut\u00e1rios Municipais do PARAN\u00c1 (AFISCOPR) <\/strong><\/p>\n\n\n\n<p><strong>Diretoria de Previd\u00eancia Municipal<\/strong>: <br> Marcia Zila Longen\u00a0<br><strong>Associa\u00e7\u00e3o dos Fiscais e Auditores Tribut\u00e1rios Municipais do Estado de Santa Catarina \u00a0(AFAMESC)<\/strong><\/p>\n\n\n\n<p><strong>Diretoria de Assuntos T\u00e9cnicos e Social: <\/strong><br>Felipe Azzolin Bastos da Silva<br><strong>Associa\u00e7\u00e3o dos auditores Fiscais da Receita Municipal de Porto alegre (AIAMU)<\/strong><\/p>\n\n\n\n<p><strong>Diretoria de Assuntos Parlamentares e Rela\u00e7\u00f5es Institucionais<\/strong>:<br>Charles Wilson da silva Caldeira<br><strong>Associa\u00e7\u00e3o Acreana dos Fiscos Municipais do Estado do Acre (ACREFISCO)<\/strong><\/p>\n\n\n\n<p><strong>Diretoria de Comunica\u00e7\u00e3o e Mobiliza\u00e7\u00e3o<\/strong>: <br>Maria Helena Alves Oliveira<br><strong>Sindicato dos Auditores Fiscais da Receita Municipal de Niter\u00f3i (SINDAFIN)<\/strong><\/p>\n\n\n\n<p><\/p>\n","protected":false},"excerpt":{"rendered":"<p>BI\u00caNIO\u00a02026-2027 Presidente:Cassio Vieira Pereira dos SantosSindicato dos Auditores Fiscais do Munic\u00edpio de S\u00e3o Paulo (SINDAF-SP) Vice-Presidente: \u00a0\u00a0\u00a0\u00a0\u00a0\u00a0\u00a0\u00a0\u00a0\u00a0\u00a0\u00a0\u00a0\u00a0\u00a0\u00a0\u00a0\u00a0\u00a0\u00a0\u00a0\u00a0\u00a0\u00a0\u00a0\u00a0\u00a0\u00a0\u00a0\u00a0\u00a0\u00a0\u00a0\u00a0\u00a0\u00a0\u00a0\u00a0\u00a0\u00a0\u00a0\u00a0\u00a0\u00a0\u00a0 Fabio Henrique de Sousa MacedoSindicato dos Fazend\u00e1rios do Munic\u00edpio do Recife (AFREM\u00a0\u00a0 \u00a0INDICAL) &#8230;<\/p>\n","protected":false},"author":1,"featured_media":0,"parent":0,"menu_order":0,"comment_status":"closed","ping_status":"closed","template":"","meta":{"footnotes":""},"jetpack_sharing_enabled":true,"_links":{"self":[{"href":"https:\/\/www.fenafim.org.br\/site\/wp-json\/wp\/v2\/pages\/1596"}],"collection":[{"href":"https:\/\/www.fenafim.org.br\/site\/wp-json\/wp\/v2\/pages"}],"about":[{"href":"https:\/\/www.fenafim.org.br\/site\/wp-json\/wp\/v2\/types\/page"}],"author":[{"embeddable":true,"href":"https:\/\/www.fenafim.org.br\/site\/wp-json\/wp\/v2\/users\/1"}],"replies":[{"embeddable":true,"href":"https:\/\/www.fenafim.org.br\/site\/wp-json\/wp\/v2\/comments?post=1596"}],"version-history":[{"count":19,"href":"https:\/\/www.fenafim.org.br\/site\/wp-json\/wp\/v2\/pages\/1596\/revisions"}],"predecessor-version":[{"id":5134,"href":"https:\/\/www.fenafim.org.br\/site\/wp-json\/wp\/v2\/pages\/1596\/revisions\/5134"}],"wp:attachment":[{"href":"https:\/\/www.fenafim.org.br\/site\/wp-json\/wp\/v2\/media?parent=1596"}],"curies":[{"name":"wp","href":"https:\/\/api.w.org\/{rel}","templated":true}]}}