{"id":22,"date":"2019-04-23T14:43:03","date_gmt":"2019-04-23T17:43:03","guid":{"rendered":"https:\/\/premiofenafim.000webhostapp.com\/site\/?page_id=22"},"modified":"2026-03-16T17:33:57","modified_gmt":"2026-03-16T20:33:57","slug":"edicoes-anteriores","status":"publish","type":"page","link":"https:\/\/www.fenafim.org.br\/premio\/edicoes-anteriores\/","title":{"rendered":"Edi\u00e7\u00f5es Anteriores"},"content":{"rendered":"\n<p>Os trabalhos e autores premiados nas edi\u00e7\u00f5es anteriores do Pr\u00eamio FENAFIM foram os seguintes:<\/p>\n<b>2025 &#8211; S\u00e3o Paulo-SP<\/b><br\/>\n<b>Categoria: PROFISSIONAL<\/b><br\/>\n1\u00ba lugar &#8211;\u00a0Jogos Online e Tributa\u00e7\u00e3o no Brasil: Um Mercado Bilion\u00e1rio sob a Lupa do  Fisco Municipal e as Perspectivas com o Imposto sobre Bens e Servi\u00e7os (IBS). <br\/>\n<a href=\"https:\/\/www.fenafim.org.br\/premio\/wp-content\/uploads\/2026\/03\/p07_1.pdf\" target=\"_blank\" rel=\"noreferrer noopener\">Clique aqui para baixar o PDF do artigo<\/a><br\/>\nAutor:\u00a0Jorge Franklin Oliveira Henriques J\u00fanior.<br\/>\n2\u00ba lugar &#8211; Com os dias contados: Reforma Tribut\u00e1ria e a Transi\u00e7\u00e3o para o Imposto Sobre Bens e Servi\u00e7os &#8211; IBS. <br\/>\n<a href=\"https:\/\/www.fenafim.org.br\/premio\/wp-content\/uploads\/2026\/03\/p03_2.pdf\" target=\"_blank\" rel=\"noreferrer noopener\">Clique aqui para baixar o PDF do artigo<\/a><br\/>\nAutor:\u00a0Willian Batista de Oliveira.<br\/>\n3\u00ba lugar &#8211; O IPTU como Instrumento de Justi\u00e7a Fiscal e de Redu\u00e7\u00e3o de Desigualdades no \u00c2mbito Municipal.<br\/>\n<a href=\"https:\/\/www.fenafim.org.br\/premio\/wp-content\/uploads\/2026\/03\/p08_3.pdf\" target=\"_blank\" rel=\"noreferrer noopener\">Clique aqui para baixar o PDF do artigo<\/a><br\/>\nAutor:\u00a0 Fernanda Carla G\u00f3is de Oliveira Lima.<br\/><br\/>\n<p><b>Categoria: ADMINISTRA\u00c7\u00c3O TRIBUT\u00c1RIA<\/b><br\/>\n1\u00ba lugar &#8211;\u00a0A Arquitetura da Coer\u00eancia &#8211; Edificando a Previsibilidade no Contencioso Administrativo Tribut\u00e1rio com Jurimetria e Intelig\u00eancia Artificial.<br\/>\n<a href=\"https:\/\/www.fenafim.org.br\/premio\/wp-content\/uploads\/2026\/03\/a11_1.pdf\" target=\"_blank\" rel=\"noreferrer noopener\">Clique aqui para baixar o PDF do artigo<\/a><br\/>\nAutor:\u00a0Adriel Yoshio Santos Igarashi.<br\/>\n2\u00ba lugar &#8211; Aplica\u00e7\u00e3o da Resolu\u00e7\u00e3o CNJ n\u00ba 547.2024 e da Lei Complementar n\u00ba 208.2024 na Cobran\u00e7a da D\u00edvida Ativa Municipal.<br\/>\n<a href=\"https:\/\/www.fenafim.org.br\/premio\/wp-content\/uploads\/2026\/03\/a09_2.pdf\" target=\"_blank\" rel=\"noreferrer noopener\">Clique aqui para baixar o PDF do artigo<\/a><br\/>\nAutores:\u00a0Eduardo Grossl &#038; Karina Jara Faria.<br\/>\n3\u00ba lugar &#8211;\u00a0Nudges Fiscais: Aumento da Arrecada\u00e7\u00e3o atrav\u00e9s da Ci\u00eancia Comportamental.<br\/>\n<a href=\"https:\/\/www.fenafim.org.br\/premio\/wp-content\/uploads\/2026\/03\/a15_3.pdf\" target=\"_blank\" rel=\"noreferrer noopener\">Clique aqui para baixar o PDF do artigo<\/a><br\/>\nAutor:\u00a0Luiz Alberto Soares.<br\/><br\/>\n<b>2024 &#8211; Foz do Igua\u00e7u-PR<\/b><br\/>\n<b>Categoria: PROFISSIONAL<\/b><br\/>\n1\u00ba lugar &#8211;\u00a0A Import\u00e2ncia de um Plano de Contas Nacional Unificado (PCNU) para Operacionaliza\u00e7\u00e3o e Simplifica\u00e7\u00e3o do IBS E CBS. <br\/><a href=\"https:\/\/www.fenafim.org.br\/premio\/wp-content\/uploads\/2025\/05\/p13__1.pdf\" target=\"_blank\" rel=\"noreferrer noopener\">Clique aqui para baixar o PDF do artigo<\/a><br\/>\nAutores:\u00a0Jorge Franklin Oliveira Henriques J\u00fanior, Thiago Quintanilha Gon\u00e7alves, Vin\u00edcius Ferraz Neves e Yuri Castello Branco Brito.<br\/>\n2\u00ba lugar &#8211; A Isen\u00e7\u00e3o do Imposto sobre a Propriedade Predial e Territorial Urbana (IPTU) como Pol\u00edtica de Incentivo de Preserva\u00e7\u00e3o de Im\u00f3veis Tombados. <br\/><a href=\"https:\/\/www.fenafim.org.br\/premio\/wp-content\/uploads\/2025\/05\/p10__2.pdf\" target=\"_blank\" rel=\"noreferrer noopener\">Clique aqui para baixar o PDF do artigo<\/a><br\/>\nAutor:\u00a0Maceno Lisboa da Silva.<br\/>\n3\u00ba lugar &#8211; Do ISS ao IBS: Desdobramentos Te\u00f3ricos para o ISS \u00e0 Luz da Tributa\u00e7\u00e3o no Destino na EC n\u00ba 132\/2023. <br\/><a href=\"https:\/\/www.fenafim.org.br\/premio\/wp-content\/uploads\/2025\/05\/p12__3.pdf\" target=\"_blank\" rel=\"noreferrer noopener\">Clique aqui para baixar o PDF do artigo<\/a><br\/>\nAutor:\u00a0 Fernanda Carla G\u00f3is de Oliveira Lima.<br\/>\n<p><b>Categoria: ADMINISTRA\u00c7\u00c3O TRIBUT\u00c1RIA<\/b><br\/>\n1\u00ba lugar &#8211;\u00a0Compliance Fiscal: um Modelo de Coopera\u00e7\u00e3o e Colabora\u00e7\u00e3o entre a Administra\u00e7\u00e3o Tribut\u00e1ria e os Contribuintes. <br\/><a href=\"https:\/\/www.fenafim.org.br\/premio\/wp-content\/uploads\/2025\/05\/a08__1.pdf\" target=\"_blank\" rel=\"noreferrer noopener\">Clique aqui para baixar o PDF do artigo<\/a><br\/>\nAutores:\u00a0Denis Offmann e Ricardo Shigueru Fujiwara.<br\/>\n2\u00ba lugar &#8211; Uma Abordagem Econ\u00f4mica e Eficaz para a Implementa\u00e7\u00e3o do Cadastro Territorial Multifinalit\u00e1rio Municipal. <br\/><a href=\"https:\/\/www.fenafim.org.br\/premio\/wp-content\/uploads\/2025\/05\/a14__2.pdf\" target=\"_blank\" rel=\"noreferrer noopener\">Clique aqui para baixar o PDF do artigo<\/a><br\/>\nAutor:\u00a0Manoel Gomes dos Santos.<br\/>\n3\u00ba lugar &#8211;\u00a0Impacto Financeiro do Tema 1113 do STJ na Arrecada\u00e7\u00e3o de ITBI: An\u00e1lise Emp\u00edrica de Inova\u00e7\u00f5es Aplic\u00e1veis aos Munic\u00edpios. <br\/><a href=\"https:\/\/www.fenafim.org.br\/premio\/wp-content\/uploads\/2025\/05\/a01__3.pdf\" target=\"_blank\" rel=\"noreferrer noopener\">Clique aqui para baixar o PDF do artigo<\/a><br\/>\nAutor:\u00a0Wagner Barbosa Pedrotti.<br\/><br\/>\n<b>2023 &#8211; Aracaju-SE<\/b><br\/>\n<b>Categoria: PROFISSIONAL<\/b><br\/>\n1\u00ba lugar &#8211;\u00a0De certo apenas o incerto: o futuro da fiscaliza\u00e7\u00e3o tribut\u00e1ria municipal com a cria\u00e7\u00e3o do Imposto sobre Bens e Servi\u00e7os &#8211; IBS. <br\/><a href=\"https:\/\/www.fenafim.org.br\/premio\/wp-content\/uploads\/2023\/11\/2023-p1-De-certo-apenas-o-incerto-o-futuro-da-fiscaliza\u00e7\u00e3o-tribut\u00e1ria-municipal-com-a-cria\u00e7\u00e3o-do-Imposto-sobre-Bens-e-Servi\u00e7os-\u2013-IBS.pdf\" target=\"_blank\" rel=\"noreferrer noopener\">Clique aqui para baixar o PDF do artigo<\/a><br\/>\nAutor:\u00a0Willian Batista de Oliveira.<br\/>\n2\u00ba lugar &#8211; Uma proposta hermen\u00eautica para os artigos 3\u00ba e 4\u00ba da Lei Complementar n.\u00ba 116\/2003. <br\/><a href=\"https:\/\/www.fenafim.org.br\/premio\/wp-content\/uploads\/2023\/11\/2023-p2-Uma-proposta-hermen\u00eautica-para-os-artigos-3\u00ba-e-4\u00ba-da-Lei-Complementar-n.\u00ba-116-2003.pdf\" target=\"_blank\" rel=\"noreferrer noopener\">Clique aqui para baixar o PDF do artigo<\/a><br\/>\nAutor:\u00a0Rodrigo Coelho Moya Gomes.<br\/>\n3\u00ba lugar &#8211; Estudo sobre impacto do uso de tecnologias para fiscaliza\u00e7\u00e3o do IPTU no munic\u00edpio de Curitiba. <br\/><a href=\"https:\/\/www.fenafim.org.br\/premio\/wp-content\/uploads\/2023\/11\/2023-p3-Estudo-sobre-o-uso-de-tecnologias-para-a-fiscaliza\u00e7\u00e3o-do-iptu-no-municipio-de-Curitiba.pdf\" target=\"_blank\" rel=\"noreferrer noopener\">Clique aqui para baixar o PDF do artigo<\/a><br\/>\nAutor:\u00a0Jani Rog\u00e9rio Branco.<br\/>\n<p><b>Categoria: ADMINISTRA\u00c7\u00c3O TRIBUT\u00c1RIA<\/b><br\/>\n1\u00ba lugar &#8211;\u00a0Incremento da receita municipal mediante conv\u00eanio e fiscaliza\u00e7\u00e3o do Imposto Territorial Rural &#8211; ITR. <br\/> <a href=\"https:\/\/www.fenafim.org.br\/premio\/wp-content\/uploads\/2023\/11\/2023-a1-Incremento-da-receita-municipal-mediante-conv\u00eanio-e-fiscaliza\u00e7\u00e3o-do-Imposto-Territorial-Rural-\u2013-ITR.pdf\" target=\"_blank\" rel=\"noreferrer noopener\">Clique aqui para baixar o PDF do artigo<\/a><br \/>\nAutor:\u00a0Michele Luana Feltes.<br\/>\n2\u00ba lugar &#8211; O Cadastro Territorial Multifinalit\u00e1rio de Fortaleza\u2013Cear\u00e1: Origem, Integra\u00e7\u00f5es e Desafios. <br\/><a href=\"https:\/\/www.fenafim.org.br\/premio\/wp-content\/uploads\/2023\/11\/2023-a2-O-Cadastro-Territorial-Multifinalit\u00e1rio-de-Fortaleza\u2013Cear\u00e1-Origem-Integra\u00e7\u00f5es-e-Desafios.pdf\" target=\"_blank\" rel=\"noreferrer noopener\">Clique aqui para baixar o PDF do artigo<\/a><br \/>\nAutor:\u00a0Francisco H\u00e9lcio Pereira do Nascimento.<br\/>\n3\u00ba lugar &#8211;\u00a0Agentes Aut\u00f4nomos de Intelig\u00eancia Artificial na Administra\u00e7\u00e3o Tribut\u00e1ria: Uma estrat\u00e9gia para a efici\u00eancia. <br\/><a href=\"https:\/\/www.fenafim.org.br\/premio\/wp-content\/uploads\/2023\/11\/2023-a3-Agentes-Aut\u00f4nomos-de-Intelig\u00eancia-Artificial-na-Administra\u00e7\u00e3o-Tribut\u00e1ria_Uma-estrat\u00e9gia-para-a-efici\u00eancia.pdf\" target=\"_blank\" rel=\"noreferrer noopener\">Clique aqui para baixar o PDF do artigo<\/a><br\/>\nAutor:\u00a0Paulo Roberto Moraes Barreto.<br\/>\n<p><b>2022 &#8211; Natal-RN<\/b><br \/>1\u00ba lugar &#8211; Autorregulariza\u00e7\u00e3o do Imposto Sobre Servi\u00e7os de Constru\u00e7\u00e3o Civil: Resultados dos Esfor\u00e7os Combinados de Fiscaliza\u00e7\u00e3o \u2013 IPTU e ISS. <br\/><a href=\"https:\/\/www.fenafim.org.br\/premio\/wp-content\/uploads\/2022\/11\/2022__1oLugar__AUTORREGULARIZACAO-DO-IMPOSTO-SOBRE-SERVICOS-DE-CONSTRUCAO-CIVIL-RESULTADOS-DOS-ESFORCOS-COMBINADOS-DE-FISCALIZACAO-\u2013-IPTU-E-ISS.pdf\" target=\"_blank\" rel=\"noreferrer noopener\">Clique aqui para baixar o PDF do artigo<\/a><br \/>Autores: CLARISSA RODRIGUES MENDES e GUILHERME BERGAMINI SCHEER.<br \/>2\u00ba lugar &#8211; O Imposto Sobre Servi\u00e7os nas Atividades de Hospedagem por Interm\u00e9dio de Plataformas Digitais: Clareiras e Caminhos da Tributa\u00e7\u00e3o Municipal. <br\/><a href=\"https:\/\/www.fenafim.org.br\/premio\/wp-content\/uploads\/2022\/11\/2022__2oLugar__O-IMPOSTO-SOBRE-SERVICOS-NAS-ATIVIDADES-DE-HOSPEDAGEM-POR-INTERMEDIO-DE-PLATAFORMAS-DIGITAIS-CLAREIRAS-E-CAMINHOS-DA-TRIBUTACAO-MUNICIPAL.pdf\" target=\"_blank\" rel=\"noreferrer noopener\">Clique aqui para baixar o PDF do artigo<\/a><br \/>Autor: WILLIAN BATISTA DE OLIVEIRA.<br \/>3\u00ba lugar &#8211; Demonstra\u00e7\u00f5es Cont\u00e1beis no Imposto Sobre a Transmiss\u00e3o Inter Vivos de Bens Im\u00f3veis: An\u00e1lise de Atividade Preponderante.<br\/><a href=\"https:\/\/www.fenafim.org.br\/premio\/wp-content\/uploads\/2022\/11\/2022__3oLugar__DEMONSTRACOES-CONTABEIS-NO-IMPOSTO-SOBRE-A-TRANSMISSAO-INTER-VIVOS-DE-BENS-IMOVEIS-Analise-de-atividade-preponderante.pdf\" target=\"_blank\" rel=\"noreferrer noopener\">Clique aqui para baixar o PDF do artigo<\/a><br \/>Autor: GILSON LUIZ DE ARAUJO.<\/p>\n<p><b>2021 &#8211; Vila Velha-ES<\/b><br \/>1\u00ba lugar &#8211; ACERCA DA INCID\u00caNCIA DO IMPOSTO SOBRE SERVI\u00c7OS DE QUALQUER NATUREZA SOBRE OS HONOR\u00c1RIOS ADVOCAT\u00cdCIOS SUCUMBENCIAIS: UMA AN\u00c1LISE CR\u00cdTICA. <br\/><a href=\"https:\/\/www.fenafim.org.br\/premio\/wp-content\/uploads\/2021\/11\/2021__1oLugar__Acerca-da-Incidencia-do-ISSQN-sobre-os-Honorarios-Sucumbenciais.pdf\" target=\"_blank\" rel=\"noreferrer noopener\">Clique aqui para baixar o PDF do artigo<\/a><br \/>Autores: EDUARDO FRAMBACH GUIMAR\u00c3ES e RAFAEL GASPAR RODRIGUES.<br \/>2\u00ba lugar &#8211; INTELIG\u00caNCIA FISCAL APLICADA AO IPTU. <br\/><a href=\"https:\/\/www.fenafim.org.br\/premio\/wp-content\/uploads\/2021\/11\/2021__2oLugar__Artigo-v2.pdf\" target=\"_blank\" rel=\"noreferrer noopener\">Clique aqui para baixar o PDF do artigo<\/a><br \/>Autor: WAGNER BARBOSA PEDROTTI.<br \/>3\u00ba lugar &#8211; APLICA\u00c7\u00c3O DO PRINC\u00cdPIO DA CAPACIDADE CONTRIBUTIVA NO REGIME ESPECIAL DO ISS \u2013 SOCIEDADE DE PROFISSIONAIS. <br\/><a href=\"https:\/\/www.fenafim.org.br\/premio\/wp-content\/uploads\/2021\/11\/2021__3oLugar__Artigo-FENAFIM.pdf\" target=\"_blank\" rel=\"noreferrer noopener\">Clique aqui para baixar o PDF do artigo<\/a><br \/>Autor: MARCUS ROG\u00c9RIO OLIVEIRA DOS SANTOS.<\/p>\n<p><b>2019 &#8211; Goi\u00e2nia-GO<\/b><br \/>1\u00ba lugar &#8211; COOPERA\u00c7\u00c3O INTERINSTITUCIONAL: UM RELATO EXITOSO DE INTEGRA\u00c7\u00c3O DAS ADMINISTRA\u00c7\u00d5ES TRIBUT\u00c1RIAS. <br\/><a href=\"..\/wp-content\/uploads\/2020\/01\/2019_1__ARTIGO-FPAT-PREMIO-FENAFIM.pdf\" target=\"_blank\" rel=\"noopener\">Clique aqui para baixar o PDF do artigo<\/a><br \/>Autores: MARIALVO LAUREANO DOS SANTOS FILHO e ELAINE CARVALHO C\u00c9SAR F\u00c9LIX.<br \/>2\u00ba lugar &#8211; CONSELHOS DE CONTRIBUINTES MUNICIPAIS: ALIADOS \u00c0 DEMOCRACIA. <br\/><a href=\"..\/wp-content\/uploads\/2020\/01\/2019_2__Conselhos-de-Contribuintes-Municipais-aliados-a-Democracia.pdf\" target=\"_blank\" rel=\"noopener\">Clique aqui para baixar o PDF do artigo<\/a><br \/>Autor: CAROLINA PINHEIRO CESPEDES.<br \/>3\u00ba lugar &#8211; UM MODELO DE GEST\u00c3O PARA A EFETIVA RECUPERA\u00c7\u00c3O DA D\u00cdVIDA ATIVA MUNICIPAL \u2013 ESTUDO DE CASO DE PORTO ALEGRE. <br\/><a href=\"..\/wp-content\/uploads\/2020\/01\/2019_3__Artigo-Premio-FENAFIM-2019.pdf\" target=\"_blank\" rel=\"noopener\">Clique aqui para baixar o PDF do artigo<\/a><br \/>Autor: RODRIGO SARTORI FANTINEL.<\/p>\n<p><b>2018 &#8211; Teresina-PI<\/b><br \/>1\u00ba lugar &#8211; SERVI\u00c7OS DE INTERMEDIA\u00c7\u00c3O DE TRANSPORTE PRIVADO INDIVIDUAL DE PASSAGEIROS POR INTERM\u00c9DIO DE APLICATIVOS: A IMPORTANTE DISTRIBUI\u00c7\u00c3O DO ISS PARA OS MUNIC\u00cdPIOS. <br\/><a href=\"..\/wp-content\/uploads\/2019\/04\/2018_1__ARTIGO-CONCURSO-FISCO-MUNICIPAL-2018.pdf\" target=\"_blank\" rel=\"noopener\">Clique aqui para baixar o PDF do artigo<\/a><br \/>Autor: WILLIAN BATISTA DE OLIVEIRA.<br \/>2\u00ba lugar &#8211; TECNOLOGIA BLOCKCHAIN: MODERNIZANDO O CONTROLE E A FISCALIZA\u00c7\u00c3O TRIBUT\u00c1RIA E APRIMORANDO AS T\u00c9CNICAS DE INTELIG\u00caNCIA FISCAL. <br\/><a href=\"..\/wp-content\/uploads\/2019\/04\/2018_2__Tecnologia-Blockchain.pdf\" target=\"_blank\" rel=\"noopener\">Clique aqui para baixar o PDF do artigo<\/a><br \/>Autor: CELSO DA COSTA RODRIGUES.<br \/>3\u00ba lugar &#8211; POL\u00cdTICA TRIBUT\u00c1RIA E ESPA\u00c7O URBANO. A CONCENTRA\u00c7\u00c3O DA PROPRIEDADE FUNDI\u00c1RIA URBANA NAS METR\u00d3POLES BRASILEIRAS: O CASO DE BELO HORIZONTE. <br\/><a href=\"..\/wp-content\/uploads\/2019\/04\/2018_3__Concurso-Fisco-Municipal.pdf\" target=\"_blank\" rel=\"noopener\">Clique aqui para baixar o PDF do artigo<\/a><br \/>Autor: ANA LUIZA NABUCO.<\/p>\n<p><b>2017 &#8211; Fortaleza-CE<\/b><br \/>1\u00ba lugar &#8211; AN\u00c1LISE DE REDES SOCIAIS NA AUDITORIA E GEST\u00c3O TRIBUT\u00c1RIA. <br\/><a href=\"..\/wp-content\/uploads\/2019\/04\/2017_1__AnaliseDeRedesSociais.pdf\" target=\"_blank\" rel=\"noopener\">Clique aqui para baixar o PDF do artigo<\/a><br \/>Autor: EDUARDO DE MATTOS PINTO COELHO.<br \/>2\u00ba lugar &#8211; MACHINE LEARNING: APRENDIZAGEM DE M\u00c1QUINA E MINERA\u00c7\u00c3O DE DADOS NO COMBATE A EVAS\u00c3O FISCAL. <br\/> <a href=\"..\/wp-content\/uploads\/2019\/04\/2017_2__Machine_Learning.pdf\" target=\"_blank\" rel=\"noopener\">Clique aqui para baixar o PDF do artigo<\/a><br \/>Autor: CELSO DA COSTA RODRIGUES.<br \/>3\u00ba lugar &#8211; ISS: UM OLHAR DO FISCO SOBRE O SUBITEM 17.25, INSERIDO PELA LEI COMPLEMENTAR 157\/2016. <br\/><a href=\"..\/wp-content\/uploads\/2019\/04\/2017_3__SubItem_17.25_LC_157-2016.pdf\" target=\"_blank\" rel=\"noopener\">Clique aqui para baixar o PDF do artigo<\/a><br \/>Autor: WILLIAN BATISTA DE OLIVEIRA.<br \/>4\u00ba lugar \u2013 (men\u00e7\u00e3o honrosa) &#8211; \u201cGUERRA FISCAL\u201d: DESAFIOS DA ADMINISTRA\u00c7\u00c3O TRIBUT\u00c1RIA AP\u00d3S A LC 157\/2016. <br\/><a href=\"..\/wp-content\/uploads\/2019\/04\/2017_4__GuerraFiscal_DesafiosdaAdmTribaposLC157.pdf\" target=\"_blank\" rel=\"noopener\">Clique aqui para baixar o PDF do artigo<\/a><br \/>Autor: JOSIAS PIRES FERREIRA FILHO.<\/p>\n<p><b>2016 &#8211; Cuiab\u00e1-MT<\/b><br \/>1\u00ba lugar &#8211; SOLU\u00c7\u00d5ES BUSINESS INTELIGENCE: ADMINISTRA\u00c7\u00c3O TRIBUT\u00c1RIA EFICAZ NO COMBATE A EVAS\u00c3O FISCAL. <br\/> <a href=\"..\/wp-content\/uploads\/2019\/04\/2016_1__INCIDENTE-NA-IMPORTA\u00c7\u00c3O-DE-SERVI\u00c7OS.pdf\" target=\"_blank\" rel=\"noopener\">Clique aqui para baixar o PDF do artigo<\/a><br \/>Autor: CELSO DA COSTA RODRIGUES.<br \/>2\u00ba lugar &#8211; ISS INCIDENTE NA IMPORTA\u00c7\u00c3O DE SERVI\u00c7OS: FONTE DE RECEITA PARA OS MUNIC\u00cdPIOS. <br\/> <a href=\"..\/wp-content\/uploads\/2019\/04\/2016_2__Solu\u00e7\u00f5es-de-Business-Intelligence-Administra\u00e7\u00e3o-Tribut\u00e1ria-Eficaz-no-Combate-a-Evas\u00e3o-Fiscal.pdf\" target=\"_blank\" rel=\"noopener\">Clique aqui para baixar o PDF do artigo<\/a><br \/>Autor: ANSELMO ZILET ABREU.<br \/>3\u00ba lugar &#8211; PRINCIPAIS ASPECTOS DAS PESQUISAS COM CONTRIBUINTES USU\u00c1RIOS DO PORTAL DAS SECRETARIAS MUNICIPAIS DE FINAN\u00c7AS. <br\/><a href=\"..\/wp-content\/uploads\/2019\/04\/2016_3__PREVIS\u00c3O-DA-ARRECADA\u00c7\u00c3O-TRIBUT\u00c1RIA-NO-MUNIC\u00cdPIO-DE-CURITIBA.pdf\" target=\"_blank\" rel=\"noopener\">Clique aqui para baixar o PDF do artigo<\/a><br \/>Autor: JOSIAS PIRES FERREIRA FILHO.<\/p>\n<p><b>2015 &#8211; Curitiba-PR<\/b><br \/>1\u00ba lugar &#8211; TRIBUTA\u00c7\u00c3O DAS FARM\u00c1CIAS DE MANIPULA\u00c7\u00c3O CONFLITO DE COMPET\u00caNCIA ISS x ICMS (positiva\u00e7\u00e3o de solu\u00e7\u00e3o pela L.C. n\u00ba 147\/2014). <br\/><a href=\"..\/wp-content\/uploads\/2019\/04\/2015_1__Farm\u00e1cias-de-Manipula\u00e7\u00e3o-ISS-X-ICMS.pdf\" target=\"_blank\" rel=\"noopener\">Clique aqui para baixar o PDF do artigo<\/a><br \/>Autores: IRIS ANDRADE RODRIGUES e ANSELMO ZILET ABREU.<br \/>2\u00ba lugar &#8211; INDUSTRIALIZA\u00c7\u00c3O SOB ENCOMENDA: INCID\u00caNCIA DO ISS, ICMS OU IPI ? <br\/> <a href=\"..\/wp-content\/uploads\/2019\/04\/2015_2__Rompendo-Paradgimas-Tribut\u00e1rios-com-apoio-da-TIC.pdf\" target=\"_blank\" rel=\"noopener\">Clique aqui para baixar o PDF do artigo<\/a><br \/>Autor: CELSO DA COSTA RODRIGUES.<br \/>3\u00ba lugar &#8211; ROMPENDO PARADIGMAS TRIBUT\u00c1RIOS POR MEIO DA TIC. <br\/><a href=\"..\/wp-content\/uploads\/2019\/04\/2015_3__Industrializa\u00e7\u00e3o-sob-encomenda-Incid\u00eancia-do-ISS-ICMS-ou-IPI.pdf\" target=\"_blank\" rel=\"noopener\">Clique aqui para baixar o PDF do artigo<\/a><br \/>Autor: BARTOLOMEU DE FIGUEIREDO ALVES FILHO.<\/p>\n","protected":false},"excerpt":{"rendered":"<p>Os trabalhos e autores premiados nas edi\u00e7\u00f5es anteriores do Pr\u00eamio FENAFIM foram os seguintes: 2025 &#8211; S\u00e3o Paulo-SP Categoria: PROFISSIONAL&hellip; <\/p>\n","protected":false},"author":1,"featured_media":0,"parent":0,"menu_order":0,"comment_status":"closed","ping_status":"closed","template":"","meta":{"footnotes":""},"jetpack_sharing_enabled":true,"_links":{"self":[{"href":"https:\/\/www.fenafim.org.br\/premio\/wp-json\/wp\/v2\/pages\/22"}],"collection":[{"href":"https:\/\/www.fenafim.org.br\/premio\/wp-json\/wp\/v2\/pages"}],"about":[{"href":"https:\/\/www.fenafim.org.br\/premio\/wp-json\/wp\/v2\/types\/page"}],"author":[{"embeddable":true,"href":"https:\/\/www.fenafim.org.br\/premio\/wp-json\/wp\/v2\/users\/1"}],"replies":[{"embeddable":true,"href":"https:\/\/www.fenafim.org.br\/premio\/wp-json\/wp\/v2\/comments?post=22"}],"version-history":[{"count":52,"href":"https:\/\/www.fenafim.org.br\/premio\/wp-json\/wp\/v2\/pages\/22\/revisions"}],"predecessor-version":[{"id":439,"href":"https:\/\/www.fenafim.org.br\/premio\/wp-json\/wp\/v2\/pages\/22\/revisions\/439"}],"wp:attachment":[{"href":"https:\/\/www.fenafim.org.br\/premio\/wp-json\/wp\/v2\/media?parent=22"}],"curies":[{"name":"wp","href":"https:\/\/api.w.org\/{rel}","templated":true}]}}