{"id":20,"date":"2019-04-23T14:37:17","date_gmt":"2019-04-23T17:37:17","guid":{"rendered":"https:\/\/premiofenafim.000webhostapp.com\/site\/?page_id=20"},"modified":"2019-04-23T14:37:17","modified_gmt":"2019-04-23T17:37:17","slug":"organizacao","status":"publish","type":"page","link":"https:\/\/www.fenafim.org.br\/premio\/organizacao\/","title":{"rendered":"Organiza\u00e7\u00e3o"},"content":{"rendered":"\n<p>A organiza\u00e7\u00e3o e realiza\u00e7\u00e3o do PR\u00caMIO FENAFIM \u00e9 da responsabilidade da  Federa\u00e7\u00e3o Nacional de Auditores e Fiscais de Tributos Municipais (FENAFIM).<br> A avalia\u00e7\u00e3o e o julgamento dos trabalhos ficam sob a responsabilidade da Escola Fazend\u00e1ria da Associa\u00e7\u00e3o Baiana de Auditores Fiscais Municipais (ABAM), com sede em Salvador \u2013 Bahia. <br>Os trabalhos s\u00e3o analisados por uma comiss\u00e3o examinadora composta por 5 (cinco) membros, entre Auditores Fiscais Municipais de not\u00f3rio saber e experi\u00eancia em Administra\u00e7\u00e3o Tribut\u00e1ria Municipal e Direito Tribut\u00e1rio, sendo 4 (quatro) membros designados pela Escola Fazend\u00e1ria e 1 (um) membro designado pela entidade filiada \u00e0 FENAFIM que sedia o Congresso Nacional.<\/p>\n","protected":false},"excerpt":{"rendered":"<p>A organiza\u00e7\u00e3o e realiza\u00e7\u00e3o do PR\u00caMIO FENAFIM \u00e9 da responsabilidade da Federa\u00e7\u00e3o Nacional de Auditores e Fiscais de Tributos Municipais&hellip; <\/p>\n","protected":false},"author":1,"featured_media":0,"parent":0,"menu_order":0,"comment_status":"closed","ping_status":"closed","template":"","meta":{"footnotes":""},"jetpack_sharing_enabled":true,"_links":{"self":[{"href":"https:\/\/www.fenafim.org.br\/premio\/wp-json\/wp\/v2\/pages\/20"}],"collection":[{"href":"https:\/\/www.fenafim.org.br\/premio\/wp-json\/wp\/v2\/pages"}],"about":[{"href":"https:\/\/www.fenafim.org.br\/premio\/wp-json\/wp\/v2\/types\/page"}],"author":[{"embeddable":true,"href":"https:\/\/www.fenafim.org.br\/premio\/wp-json\/wp\/v2\/users\/1"}],"replies":[{"embeddable":true,"href":"https:\/\/www.fenafim.org.br\/premio\/wp-json\/wp\/v2\/comments?post=20"}],"version-history":[{"count":1,"href":"https:\/\/www.fenafim.org.br\/premio\/wp-json\/wp\/v2\/pages\/20\/revisions"}],"predecessor-version":[{"id":21,"href":"https:\/\/www.fenafim.org.br\/premio\/wp-json\/wp\/v2\/pages\/20\/revisions\/21"}],"wp:attachment":[{"href":"https:\/\/www.fenafim.org.br\/premio\/wp-json\/wp\/v2\/media?parent=20"}],"curies":[{"name":"wp","href":"https:\/\/api.w.org\/{rel}","templated":true}]}}