{"id":17,"date":"2019-04-23T15:41:20","date_gmt":"2019-04-23T18:41:20","guid":{"rendered":"https:\/\/premiofenafim.000webhostapp.com\/site\/?page_id=17"},"modified":"2020-03-08T17:24:39","modified_gmt":"2020-03-08T20:24:39","slug":"como-participar","status":"publish","type":"page","link":"https:\/\/www.fenafim.org.br\/premio\/como-participar\/","title":{"rendered":"Como Participar"},"content":{"rendered":"\n<p><\/p>\n\n\n\n<p>Leia aqui algumas dicas importantes de como voc\u00ea pode participar:<\/p>\n\n\n\n<ul><li>Podem participar os trabalhos individuais e em grupo, com no m\u00e1ximo 04 (quatro) autores, de qualquer forma\u00e7\u00e3o acad\u00eamica de n\u00edvel superior.<\/li><li>Cada autor ou autores s\u00f3 poder\u00e3o inscrever um trabalho.<\/li><li>N\u00e3o podem participar os trabalhos de autoria dos membros da comiss\u00e3o examinadora e da Diretoria da FENAFIM, Escola Fazend\u00e1ria, ABAM e da entidade que sedia o Congresso anual da Fenafim e os trabalhos j\u00e1 premiados em outros concursos, tais como SENAM\/EJUMT, ESAF e cong\u00eaneres. <\/li><li>Para fazer a inscri\u00e7\u00e3o basta o candidato acessar o site e fazer o preenchimento e envio da Ficha de Inscri\u00e7\u00e3o, anexando os seguintes documentos:<br> a) declara\u00e7\u00e3o preenchida e assinada pelo autor informando que o trabalho n\u00e3o caracteriza, no todo ou em parte, pl\u00e1gio ou autopl\u00e1gio e a cess\u00e3o de direitos autorais, conforme modelo anexo a este regulamento;<br> b) curr\u00edculo resumido atualizado, em arquivo no formato PDF, do autor ou todos os autores, se for o caso;<br> c) uma via do trabalho em arquivo no formato PDF;<\/li><li>Lembre-se que os trabalhos dever\u00e3o ser apresentados sem qualquer informa\u00e7\u00e3o que identifique a sua autoria, direta ou indiretamente, sob pena de desclassifica\u00e7\u00e3o.<\/li><li>Ap\u00f3s a conclus\u00e3o da etapa de inscri\u00e7\u00e3o, os trabalhos ser\u00e3o enviados pela FENAFIM para a ESCOLA FAZEND\u00c1RIA da ABAM, sediada em Salvador, onde ser\u00e3o analisados por uma comiss\u00e3o examinadora. <\/li><li>Qualquer d\u00favida consulte o Regulamento ou entre em contato atrav\u00e9s do email premio@fenafim.org.br ou no formulario de contato dispon\u00edvel na op\u00e7\u00e3o &#8220;Fale Conosco&#8221; do menu principal.<\/li><\/ul>\n\n\n\n<p><\/p>\n","protected":false},"excerpt":{"rendered":"<p>Leia aqui algumas dicas importantes de como voc\u00ea pode participar: Podem participar os trabalhos individuais e em grupo, com no&hellip; <\/p>\n","protected":false},"author":1,"featured_media":0,"parent":0,"menu_order":0,"comment_status":"closed","ping_status":"closed","template":"","meta":{"footnotes":""},"jetpack_sharing_enabled":true,"_links":{"self":[{"href":"https:\/\/www.fenafim.org.br\/premio\/wp-json\/wp\/v2\/pages\/17"}],"collection":[{"href":"https:\/\/www.fenafim.org.br\/premio\/wp-json\/wp\/v2\/pages"}],"about":[{"href":"https:\/\/www.fenafim.org.br\/premio\/wp-json\/wp\/v2\/types\/page"}],"author":[{"embeddable":true,"href":"https:\/\/www.fenafim.org.br\/premio\/wp-json\/wp\/v2\/users\/1"}],"replies":[{"embeddable":true,"href":"https:\/\/www.fenafim.org.br\/premio\/wp-json\/wp\/v2\/comments?post=17"}],"version-history":[{"count":4,"href":"https:\/\/www.fenafim.org.br\/premio\/wp-json\/wp\/v2\/pages\/17\/revisions"}],"predecessor-version":[{"id":133,"href":"https:\/\/www.fenafim.org.br\/premio\/wp-json\/wp\/v2\/pages\/17\/revisions\/133"}],"wp:attachment":[{"href":"https:\/\/www.fenafim.org.br\/premio\/wp-json\/wp\/v2\/media?parent=17"}],"curies":[{"name":"wp","href":"https:\/\/api.w.org\/{rel}","templated":true}]}}